{"id":2185,"date":"2023-08-01T20:21:29","date_gmt":"2023-08-01T20:21:29","guid":{"rendered":"https:\/\/highpassionstudios.com\/?page_id=2185"},"modified":"2024-01-02T17:50:52","modified_gmt":"2024-01-02T17:50:52","slug":"legal-notice","status":"publish","type":"page","link":"https:\/\/highpassionstudios.com\/?page_id=2185","title":{"rendered":"Legal Notice"},"content":{"rendered":"\t\t<div data-elementor-type=\"wp-page\" data-elementor-id=\"2185\" class=\"elementor elementor-2185\">\n\t\t\t\t\t\t\t\t\t<header class=\"elementor-section elementor-top-section elementor-element elementor-element-f55ebd6 elementor-section-height-min-height elementor-section-boxed elementor-section-height-default elementor-section-items-middle\" data-id=\"f55ebd6\" data-element_type=\"section\" data-settings=\"{&quot;background_background&quot;:&quot;video&quot;,&quot;background_video_link&quot;:&quot;https:\\\/\\\/www.youtube.com\\\/watch?v=E4ps3M1uXhM&quot;,&quot;shape_divider_bottom&quot;:&quot;arrow&quot;}\">\n\t\t\t\t\t\t\t\t<div class=\"elementor-background-video-container elementor-hidden-phone\">\n\t\t\t\t\t\t\t\t\t\t\t\t\t<div class=\"elementor-background-video-embed\"><\/div>\n\t\t\t\t\t\t\t\t\t\t\t\t<\/div>\n\t\t\t\t\t\t\t\t\t<div class=\"elementor-background-overlay\"><\/div>\n\t\t\t\t\t\t<div class=\"elementor-shape elementor-shape-bottom\" data-negative=\"false\">\n\t\t\t<svg xmlns=\"http:\/\/www.w3.org\/2000\/svg\" viewBox=\"0 0 700 10\" preserveAspectRatio=\"none\">\n\t<path class=\"elementor-shape-fill\" d=\"M350,10L340,0h20L350,10z\"\/>\n<\/svg>\t\t<\/div>\n\t\t\t\t\t<div class=\"elementor-container elementor-column-gap-default\">\n\t\t\t\t\t<div class=\"elementor-column elementor-col-100 elementor-top-column elementor-element elementor-element-40f4f513\" data-id=\"40f4f513\" data-element_type=\"column\">\n\t\t\t<div class=\"elementor-widget-wrap elementor-element-populated\">\n\t\t\t\t\t\t\t\t<section class=\"elementor-section elementor-inner-section elementor-element elementor-element-1330881f elementor-section-full_width elementor-section-height-default elementor-section-height-default\" data-id=\"1330881f\" data-element_type=\"section\">\n\t\t\t\t\t\t<div class=\"elementor-container elementor-column-gap-default\">\n\t\t\t\t\t<div class=\"elementor-column elementor-col-50 elementor-inner-column elementor-element elementor-element-697ec7ae\" data-id=\"697ec7ae\" data-element_type=\"column\">\n\t\t\t<div class=\"elementor-widget-wrap elementor-element-populated\">\n\t\t\t\t\t\t\t\t<div class=\"elementor-element elementor-element-130237ce elementor-widget-mobile__width-initial elementor-invisible elementor-widget elementor-widget-heading\" data-id=\"130237ce\" data-element_type=\"widget\" data-settings=\"{&quot;_animation&quot;:&quot;fadeInUp&quot;}\" data-widget_type=\"heading.default\">\n\t\t\t\t<div class=\"elementor-widget-container\">\n\t\t\t<h2 class=\"elementor-heading-title elementor-size-default\">Legal Notice<\/h2>\t\t<\/div>\n\t\t\t\t<\/div>\n\t\t\t\t\t<\/div>\n\t\t<\/div>\n\t\t\t\t<div class=\"elementor-column elementor-col-50 elementor-inner-column elementor-element elementor-element-24577915\" data-id=\"24577915\" data-element_type=\"column\">\n\t\t\t<div class=\"elementor-widget-wrap elementor-element-populated\">\n\t\t\t\t\t\t\t\t<div class=\"elementor-element elementor-element-a332c09 elementor-widget elementor-widget-image\" data-id=\"a332c09\" data-element_type=\"widget\" data-widget_type=\"image.default\">\n\t\t\t\t<div class=\"elementor-widget-container\">\n\t\t\t\t\t\t\t\t\t\t\t\t\t\t\t<img fetchpriority=\"high\" decoding=\"async\" width=\"231\" height=\"300\" src=\"https:\/\/highpassionstudios.com\/wp-content\/uploads\/2023\/08\/highPassion_logo_colorsShading_new-231x300.png\" class=\"attachment-medium size-medium wp-image-2076\" alt=\"\" srcset=\"https:\/\/highpassionstudios.com\/wp-content\/uploads\/2023\/08\/highPassion_logo_colorsShading_new-231x300.png 231w, https:\/\/highpassionstudios.com\/wp-content\/uploads\/2023\/08\/highPassion_logo_colorsShading_new-787x1024.png 787w, https:\/\/highpassionstudios.com\/wp-content\/uploads\/2023\/08\/highPassion_logo_colorsShading_new-768x999.png 768w, https:\/\/highpassionstudios.com\/wp-content\/uploads\/2023\/08\/highPassion_logo_colorsShading_new.png 1167w\" sizes=\"(max-width: 231px) 100vw, 231px\" \/>\t\t\t\t\t\t\t\t\t\t\t\t\t\t\t<\/div>\n\t\t\t\t<\/div>\n\t\t\t\t\t<\/div>\n\t\t<\/div>\n\t\t\t\t\t\t\t<\/div>\n\t\t<\/section>\n\t\t\t\t<div class=\"elementor-element elementor-element-734eb0f6 elementor-widget elementor-widget-text-editor\" data-id=\"734eb0f6\" data-element_type=\"widget\" data-widget_type=\"text-editor.default\">\n\t\t\t\t<div class=\"elementor-widget-container\">\n\t\t\t\t\t\t\t<div class=\"page-section__generator page-section__generator--top g12-xs g11-md g10-lg g8-xl\"><div class=\"page-generator__text page-generator__text--top js-generator-text\"><div id=\"output\" class=\"page-generator__output js-generator-output\"><p>HighPassionStudios UG (haftungsbeschr\u00e4nkt)<br \/>P\u00f6lzer-Stra\u00dfe 50,<br \/>95336 Mainleus<br \/>info@highpassionstudios.com<\/p><\/div><\/div><\/div><div class=\"g12-xs g3-xl page-display s-half-page\">\u00a0<\/div>\t\t\t\t\t\t<\/div>\n\t\t\t\t<\/div>\n\t\t\t\t\t<\/div>\n\t\t<\/div>\n\t\t\t\t\t\t\t<\/div>\n\t\t<\/header>\n\t\t\t\t<section class=\"elementor-section elementor-top-section elementor-element elementor-element-1e497eb elementor-section-boxed elementor-section-height-default elementor-section-height-default\" data-id=\"1e497eb\" data-element_type=\"section\">\n\t\t\t\t\t\t<div class=\"elementor-container elementor-column-gap-default\">\n\t\t\t\t\t<div class=\"elementor-column elementor-col-100 elementor-top-column elementor-element elementor-element-c8d8a1f\" data-id=\"c8d8a1f\" data-element_type=\"column\">\n\t\t\t<div class=\"elementor-widget-wrap elementor-element-populated\">\n\t\t\t\t\t\t\t\t<div class=\"elementor-element elementor-element-2edc0d0 elementor-widget elementor-widget-shortcode\" data-id=\"2edc0d0\" data-element_type=\"widget\" data-widget_type=\"shortcode.default\">\n\t\t\t\t<div class=\"elementor-widget-container\">\n\t\t\t\t\t<div class=\"elementor-shortcode\">\n<div class=\"wpcf7 no-js\" id=\"wpcf7-f638-o1\" lang=\"en-US\" dir=\"ltr\">\n<div class=\"screen-reader-response\"><p role=\"status\" aria-live=\"polite\" aria-atomic=\"true\"><\/p> <ul><\/ul><\/div>\n<form action=\"\/index.php?rest_route=%2Fwp%2Fv2%2Fpages%2F2185#wpcf7-f638-o1\" method=\"post\" class=\"wpcf7-form init\" aria-label=\"Contact form\" novalidate=\"novalidate\" data-status=\"init\">\n<div style=\"display: none;\">\n<input type=\"hidden\" name=\"_wpcf7\" value=\"638\" \/>\n<input type=\"hidden\" name=\"_wpcf7_version\" value=\"5.7.7\" \/>\n<input type=\"hidden\" name=\"_wpcf7_locale\" value=\"en_US\" \/>\n<input type=\"hidden\" name=\"_wpcf7_unit_tag\" value=\"wpcf7-f638-o1\" \/>\n<input type=\"hidden\" name=\"_wpcf7_container_post\" value=\"0\" \/>\n<input type=\"hidden\" name=\"_wpcf7_posted_data_hash\" value=\"\" \/>\n<\/div>\n<p><label> Your name<br \/>\n<span class=\"wpcf7-form-control-wrap\" data-name=\"your-name\"><input size=\"40\" class=\"wpcf7-form-control wpcf7-text wpcf7-validates-as-required\" aria-required=\"true\" aria-invalid=\"false\" value=\"\" type=\"text\" name=\"your-name\" \/><\/span> <\/label>\n<\/p>\n<p><label> Your email<br \/>\n<span class=\"wpcf7-form-control-wrap\" data-name=\"your-email\"><input size=\"40\" class=\"wpcf7-form-control wpcf7-text wpcf7-email wpcf7-validates-as-required wpcf7-validates-as-email\" aria-required=\"true\" aria-invalid=\"false\" value=\"\" type=\"email\" name=\"your-email\" \/><\/span> <\/label>\n<\/p>\n<p><label> Subject<br \/>\n<span class=\"wpcf7-form-control-wrap\" data-name=\"your-subject\"><input size=\"40\" class=\"wpcf7-form-control wpcf7-text wpcf7-validates-as-required\" aria-required=\"true\" aria-invalid=\"false\" value=\"\" type=\"text\" name=\"your-subject\" \/><\/span> <\/label>\n<\/p>\n<p><label> Your message<br \/>\n<span class=\"wpcf7-form-control-wrap\" data-name=\"your-message\"><textarea cols=\"40\" rows=\"10\" class=\"wpcf7-form-control wpcf7-textarea wpcf7-validates-as-required\" aria-required=\"true\" aria-invalid=\"false\" name=\"your-message\"><\/textarea><\/span> <\/label>\n<\/p>\n<p><input class=\"wpcf7-form-control has-spinner wpcf7-submit\" type=\"submit\" value=\"Submit\" \/>\n<\/p><div class=\"wpcf7-response-output\" aria-hidden=\"true\"><\/div>\n<\/form>\n<\/div>\n<\/div>\n\t\t\t\t<\/div>\n\t\t\t\t<\/div>\n\t\t\t\t\t<\/div>\n\t\t<\/div>\n\t\t\t\t\t\t\t<\/div>\n\t\t<\/section>\n\t\t\t\t\t\t\t<\/div>\n\t\t","protected":false},"excerpt":{"rendered":"<p>Legal Notice HighPassionStudios UG (haftungsbeschr\u00e4nkt)P\u00f6lzer-Stra\u00dfe 50,95336 Mainleusinfo@highpassionstudios.com \u00a0<\/p>\n","protected":false},"author":1,"featured_media":0,"parent":0,"menu_order":0,"comment_status":"closed","ping_status":"closed","template":"","meta":{"_mi_skip_tracking":false,"_monsterinsights_sitenote_active":false,"_monsterinsights_sitenote_note":"","_monsterinsights_sitenote_category":0,"footnotes":""},"class_list":["post-2185","page","type-page","status-publish","hentry"],"blocksy_meta":[],"yoast_head":"<!-- This site is optimized with the Yoast SEO plugin v20.12 - https:\/\/yoast.com\/wordpress\/plugins\/seo\/ -->\n<title>Legal Notice - HighPassionStudios<\/title>\n<meta name=\"robots\" content=\"index, follow, max-snippet:-1, max-image-preview:large, max-video-preview:-1\" \/>\n<link rel=\"canonical\" href=\"https:\/\/highpassionstudios.com\/?page_id=2185\" \/>\n<meta property=\"og:locale\" content=\"de_DE\" \/>\n<meta property=\"og:type\" content=\"article\" \/>\n<meta property=\"og:title\" content=\"Legal Notice - HighPassionStudios\" \/>\n<meta property=\"og:description\" content=\"Legal Notice HighPassionStudios UG (haftungsbeschr\u00e4nkt)P\u00f6lzer-Stra\u00dfe 50,95336 Mainleusinfo@highpassionstudios.com \u00a0\" \/>\n<meta property=\"og:url\" content=\"https:\/\/highpassionstudios.com\/?page_id=2185\" \/>\n<meta property=\"og:site_name\" content=\"HighPassionStudios\" \/>\n<meta property=\"article:publisher\" content=\"https:\/\/www.facebook.com\/people\/High-Passion-Studios\/100064185636820\/?ref=page_internal\" \/>\n<meta property=\"article:modified_time\" content=\"2024-01-02T17:50:52+00:00\" \/>\n<meta property=\"og:image\" content=\"http:\/\/highpassionstudios.com\/wp-content\/uploads\/2023\/08\/highPassion_logo_colorsShading_new-231x300.png\" \/>\n<meta name=\"twitter:card\" content=\"summary_large_image\" \/>\n<meta name=\"twitter:site\" content=\"@HPS_GameDev\" \/>\n<meta name=\"twitter:label1\" content=\"Gesch\u00e4tzte Lesezeit\" \/>\n\t<meta name=\"twitter:data1\" content=\"3\u00a0Minuten\" \/>\n<script type=\"application\/ld+json\" class=\"yoast-schema-graph\">{\"@context\":\"https:\/\/schema.org\",\"@graph\":[{\"@type\":\"WebPage\",\"@id\":\"https:\/\/highpassionstudios.com\/?page_id=2185\",\"url\":\"https:\/\/highpassionstudios.com\/?page_id=2185\",\"name\":\"Legal Notice - HighPassionStudios\",\"isPartOf\":{\"@id\":\"https:\/\/highpassionstudios.com\/#website\"},\"datePublished\":\"2023-08-01T20:21:29+00:00\",\"dateModified\":\"2024-01-02T17:50:52+00:00\",\"breadcrumb\":{\"@id\":\"https:\/\/highpassionstudios.com\/?page_id=2185#breadcrumb\"},\"inLanguage\":\"de\",\"potentialAction\":[{\"@type\":\"ReadAction\",\"target\":[\"https:\/\/highpassionstudios.com\/?page_id=2185\"]}]},{\"@type\":\"BreadcrumbList\",\"@id\":\"https:\/\/highpassionstudios.com\/?page_id=2185#breadcrumb\",\"itemListElement\":[{\"@type\":\"ListItem\",\"position\":1,\"name\":\"Startseite\",\"item\":\"https:\/\/highpassionstudios.com\/\"},{\"@type\":\"ListItem\",\"position\":2,\"name\":\"Legal Notice\"}]},{\"@type\":\"WebSite\",\"@id\":\"https:\/\/highpassionstudios.com\/#website\",\"url\":\"https:\/\/highpassionstudios.com\/\",\"name\":\"HighPassionStudios\",\"description\":\"Media Design &amp; Development\",\"potentialAction\":[{\"@type\":\"SearchAction\",\"target\":{\"@type\":\"EntryPoint\",\"urlTemplate\":\"https:\/\/highpassionstudios.com\/?s={search_term_string}\"},\"query-input\":\"required name=search_term_string\"}],\"inLanguage\":\"de\"}]}<\/script>\n<!-- \/ Yoast SEO plugin. -->","yoast_head_json":{"title":"Legal Notice - HighPassionStudios","robots":{"index":"index","follow":"follow","max-snippet":"max-snippet:-1","max-image-preview":"max-image-preview:large","max-video-preview":"max-video-preview:-1"},"canonical":"https:\/\/highpassionstudios.com\/?page_id=2185","og_locale":"de_DE","og_type":"article","og_title":"Legal Notice - HighPassionStudios","og_description":"Legal Notice HighPassionStudios UG (haftungsbeschr\u00e4nkt)P\u00f6lzer-Stra\u00dfe 50,95336 Mainleusinfo@highpassionstudios.com \u00a0","og_url":"https:\/\/highpassionstudios.com\/?page_id=2185","og_site_name":"HighPassionStudios","article_publisher":"https:\/\/www.facebook.com\/people\/High-Passion-Studios\/100064185636820\/?ref=page_internal","article_modified_time":"2024-01-02T17:50:52+00:00","og_image":[{"url":"http:\/\/highpassionstudios.com\/wp-content\/uploads\/2023\/08\/highPassion_logo_colorsShading_new-231x300.png"}],"twitter_card":"summary_large_image","twitter_site":"@HPS_GameDev","twitter_misc":{"Gesch\u00e4tzte Lesezeit":"3\u00a0Minuten"},"schema":{"@context":"https:\/\/schema.org","@graph":[{"@type":"WebPage","@id":"https:\/\/highpassionstudios.com\/?page_id=2185","url":"https:\/\/highpassionstudios.com\/?page_id=2185","name":"Legal Notice - HighPassionStudios","isPartOf":{"@id":"https:\/\/highpassionstudios.com\/#website"},"datePublished":"2023-08-01T20:21:29+00:00","dateModified":"2024-01-02T17:50:52+00:00","breadcrumb":{"@id":"https:\/\/highpassionstudios.com\/?page_id=2185#breadcrumb"},"inLanguage":"de","potentialAction":[{"@type":"ReadAction","target":["https:\/\/highpassionstudios.com\/?page_id=2185"]}]},{"@type":"BreadcrumbList","@id":"https:\/\/highpassionstudios.com\/?page_id=2185#breadcrumb","itemListElement":[{"@type":"ListItem","position":1,"name":"Startseite","item":"https:\/\/highpassionstudios.com\/"},{"@type":"ListItem","position":2,"name":"Legal Notice"}]},{"@type":"WebSite","@id":"https:\/\/highpassionstudios.com\/#website","url":"https:\/\/highpassionstudios.com\/","name":"HighPassionStudios","description":"Media Design &amp; Development","potentialAction":[{"@type":"SearchAction","target":{"@type":"EntryPoint","urlTemplate":"https:\/\/highpassionstudios.com\/?s={search_term_string}"},"query-input":"required name=search_term_string"}],"inLanguage":"de"}]}},"_links":{"self":[{"href":"https:\/\/highpassionstudios.com\/index.php?rest_route=\/wp\/v2\/pages\/2185","targetHints":{"allow":["GET"]}}],"collection":[{"href":"https:\/\/highpassionstudios.com\/index.php?rest_route=\/wp\/v2\/pages"}],"about":[{"href":"https:\/\/highpassionstudios.com\/index.php?rest_route=\/wp\/v2\/types\/page"}],"author":[{"embeddable":true,"href":"https:\/\/highpassionstudios.com\/index.php?rest_route=\/wp\/v2\/users\/1"}],"replies":[{"embeddable":true,"href":"https:\/\/highpassionstudios.com\/index.php?rest_route=%2Fwp%2Fv2%2Fcomments&post=2185"}],"version-history":[{"count":18,"href":"https:\/\/highpassionstudios.com\/index.php?rest_route=\/wp\/v2\/pages\/2185\/revisions"}],"predecessor-version":[{"id":2442,"href":"https:\/\/highpassionstudios.com\/index.php?rest_route=\/wp\/v2\/pages\/2185\/revisions\/2442"}],"wp:attachment":[{"href":"https:\/\/highpassionstudios.com\/index.php?rest_route=%2Fwp%2Fv2%2Fmedia&parent=2185"}],"curies":[{"name":"wp","href":"https:\/\/api.w.org\/{rel}","templated":true}]}}